{"id":964,"date":"2021-04-06T10:36:38","date_gmt":"2021-04-06T10:36:38","guid":{"rendered":"http:\/\/aitec-tnc.fr\/index.php\/about\/"},"modified":"2024-03-16T19:50:17","modified_gmt":"2024-03-16T18:50:17","slug":"about","status":"publish","type":"page","link":"https:\/\/aitec-tnc.fr\/index.php\/about\/","title":{"rendered":"GestBus 7"},"content":{"rendered":"\n<div class=\"wp-block-columns is-layout-flex wp-container-core-columns-is-layout-9d6595d7 wp-block-columns-is-layout-flex\">\n<div class=\"wp-block-column has-medium-font-size is-layout-flow wp-block-column-is-layout-flow\" style=\"flex-basis:100%\">\n<p><strong>Gestbus<\/strong>: Solution compl\u00e8te pour la gestion du transport autoroutier de passager. <\/p>\n<\/div>\n<\/div>\n\n\n\n<figure class=\"wp-block-image size-large\"><img loading=\"lazy\" decoding=\"async\" width=\"1024\" height=\"768\" src=\"http:\/\/aitec-tnc.fr\/wp-content\/uploads\/2024\/03\/Apercu-de-lapplication-Ipad-129--1024x768.jpg\" alt=\"\" class=\"wp-image-1555\" srcset=\"https:\/\/aitec-tnc.fr\/wp-content\/uploads\/2024\/03\/Apercu-de-lapplication-Ipad-129--1024x768.jpg 1024w, https:\/\/aitec-tnc.fr\/wp-content\/uploads\/2024\/03\/Apercu-de-lapplication-Ipad-129--300x225.jpg 300w, https:\/\/aitec-tnc.fr\/wp-content\/uploads\/2024\/03\/Apercu-de-lapplication-Ipad-129--768x576.jpg 768w, https:\/\/aitec-tnc.fr\/wp-content\/uploads\/2024\/03\/Apercu-de-lapplication-Ipad-129--1536x1151.jpg 1536w, https:\/\/aitec-tnc.fr\/wp-content\/uploads\/2024\/03\/Apercu-de-lapplication-Ipad-129--2048x1535.jpg 2048w\" sizes=\"auto, (max-width: 1024px) 100vw, 1024px\" \/><\/figure>\n\n\n\n<h2 class=\"wp-block-heading\">Extension pour mobile et tablette de l\u2019application GestBus 7. Le webservices<strong>&nbsp;GestBusM<\/strong>&nbsp;permet \u00e0 chaque conducteur de visualiser son planning, consulter et imprimer ses feuilles de travail et billets collectifs pour les jours valid\u00e9s par l\u2019exploitation. L\u2019application permet \u00e9galement de saisir ou photographier les incidents v\u00e9hicule, les kilom\u00e9trages et les heures de d\u00e9buts et fin de services ainsi que les notes de frais \u00e9ventuels.<\/h2>\n\n\n\n<h2 class=\"wp-block-heading\">Et l\u2019appr\u00e9ciation et signature du responsable lors du service.<\/h2>\n\n\n\n<h2 class=\"wp-block-heading\">En plus de la visualisation des ordres de mission<strong>GestBusM <\/strong>permet au conducteur de consulter le planning d\u2019exploitation en temps r\u00e9el et vous permet de suivre vos chauffeurs afin de mieux assurer les services et faciliter la gestion des impr\u00e9vus.<\/h2>\n\n\n\n<h2 class=\"wp-block-heading\">L\u2019application permet d\u2019envoyer un SMS au responsable ou guide pour pr\u00e9venir de l\u2019arriv\u00e9e du v\u00e9hicule sur site<\/h2>\n\n\n\n<h2 class=\"wp-block-heading\">\u00c9coresponsable et Soucieuse d\u2019aider les entreprises de transport \u00e0 r\u00e9duire leur empreinte carbone.<\/h2>\n\n\n\n<h2 class=\"wp-block-heading\">L\u2019Extension GestbusM d\u00e9velopp\u00e9e par la soci\u00e9t\u00e9 Aitec, vous inscrira dans un cercle vertueux qui se traduit par un gain op\u00e9rationnel et une r\u00e9duction de votre consommation de papier qui vous permettront de r\u00e9aliser des \u00e9conomies de frais de fonctionnement.<\/h2>\n\n\n\n<h2 class=\"wp-block-heading\"><strong>Alertes&nbsp;prises de services GestBusM<\/strong><\/h2>\n\n\n\n<h2 class=\"wp-block-heading\">***<\/h2>\n\n\n\n<h2 class=\"wp-block-heading\">Afin de vous aider \u00e0 garantir la ponctualit\u00e9 des d\u00e9parts et ainsi am\u00e9liorer votre qualit\u00e9 de service. <strong>GestBusM<\/strong>&nbsp;g\u00e9n\u00e8re automatiquement des envois SMS \u00e0 vos conducteurs, en tenant compte des num\u00e9ros d\u2019appel et des p\u00e9riodes d\u2019astreintes par \u00e9tablissement ou de mani\u00e8re globale.<\/h2>\n\n\n\n<h2 class=\"wp-block-heading\">Le sch\u00e9ma est le suivant :<\/h2>\n\n\n\n<ul class=\"wp-block-list\">\n<li>Les prises de services saisies sur le planning de Gestbus 7 redescendent automatiquement dans GestbusM<\/li>\n\n\n\n<li>A leur prise de service. Chaque conducteur s\u2019identifie par smartphone ou tablette IOS\/Android \u00e0 Gestbus7 pour signifier qu\u2019il est pr\u00eat : l\u2019alerte est alors stopp\u00e9e.<\/li>\n\n\n\n<li>Si dans les 3 minutes apr\u00e8s l\u2019heure de convocation le chauffeur n\u2019a toujours pas valid\u00e9 sa prise de services, une alerte est alors d\u00e9clench\u00e9e.<\/li>\n\n\n\n<li>L\u2019alerte remonte alors imm\u00e9diatement dans GestBus7 et un SMS est envoy\u00e9 \u00e0 l\u2019exploitant de permanence. Permettant ainsi une r\u00e9duction des temps de gestion des incidents.<\/li>\n<\/ul>\n\n\n\n<h2 class=\"wp-block-heading has-text-align-center\"><em><a href=\"http:\/\/aitec-tnc.fr\/wp-content\/uploads\/2024\/03\/mentions-legales.pdf\">Mentions l\u00e9gales et Politique de confidentialit\u00e9<\/a><\/em><\/h2>\n","protected":false},"excerpt":{"rendered":"<p>Gestbus: Solution compl\u00e8te pour la gestion du transport autoroutier de passager. Extension pour mobile et tablette de l\u2019application GestBus 7. Le webservices&nbsp;GestBusM&nbsp;permet \u00e0 chaque conducteur de visualiser son planning, consulter et imprimer ses feuilles de travail et billets collectifs pour les jours valid\u00e9s par l\u2019exploitation. L\u2019application permet \u00e9galement de saisir ou photographier les incidents v\u00e9hicule, [&hellip;]<\/p>\n","protected":false},"author":1,"featured_media":0,"parent":0,"menu_order":0,"comment_status":"closed","ping_status":"closed","template":"","meta":{"footnotes":""},"class_list":["post-964","page","type-page","status-publish","hentry"],"_links":{"self":[{"href":"https:\/\/aitec-tnc.fr\/index.php\/wp-json\/wp\/v2\/pages\/964","targetHints":{"allow":["GET"]}}],"collection":[{"href":"https:\/\/aitec-tnc.fr\/index.php\/wp-json\/wp\/v2\/pages"}],"about":[{"href":"https:\/\/aitec-tnc.fr\/index.php\/wp-json\/wp\/v2\/types\/page"}],"author":[{"embeddable":true,"href":"https:\/\/aitec-tnc.fr\/index.php\/wp-json\/wp\/v2\/users\/1"}],"replies":[{"embeddable":true,"href":"https:\/\/aitec-tnc.fr\/index.php\/wp-json\/wp\/v2\/comments?post=964"}],"version-history":[{"count":20,"href":"https:\/\/aitec-tnc.fr\/index.php\/wp-json\/wp\/v2\/pages\/964\/revisions"}],"predecessor-version":[{"id":1573,"href":"https:\/\/aitec-tnc.fr\/index.php\/wp-json\/wp\/v2\/pages\/964\/revisions\/1573"}],"wp:attachment":[{"href":"https:\/\/aitec-tnc.fr\/index.php\/wp-json\/wp\/v2\/media?parent=964"}],"curies":[{"name":"wp","href":"https:\/\/api.w.org\/{rel}","templated":true}]}}