{"id":961,"date":"2021-04-06T10:35:00","date_gmt":"2021-04-06T08:35:00","guid":{"rendered":"http:\/\/aitec-tnc.fr\/index.php\/home\/"},"modified":"2024-03-16T19:20:31","modified_gmt":"2024-03-16T18:20:31","slug":"aitec","status":"publish","type":"page","link":"https:\/\/aitec-tnc.fr\/","title":{"rendered":"Bienvenue !"},"content":{"rendered":"\n<p><\/p>\n\n\n\n<div class=\"wp-block-columns has-medium-font-size is-layout-flex wp-container-core-columns-is-layout-9d6595d7 wp-block-columns-is-layout-flex\">\n<div class=\"wp-block-column is-layout-flow wp-block-column-is-layout-flow\" style=\"flex-basis:100%\">\nCr\u00e9\u00e9e en 1998, la soci\u00e9t\u00e9 Aitec West Indies Soft \u00c9ditions \u00e9dite des logiciels de gestion performants et simples d&#8217;emploi, adapt\u00e9s \u00e0 toutes les tailles d&#8217;entreprises.\n<\/div>\n<\/div>\n\n\n\n<div class=\"wp-block-columns is-layout-flex wp-container-core-columns-is-layout-9d6595d7 wp-block-columns-is-layout-flex\">\n<div class=\"wp-block-column has-medium-font-size is-layout-flow wp-block-column-is-layout-flow\" style=\"flex-basis:100%\">\nUne offre compl\u00e8te pr\u00e9sent\u00e9e par des professionnels !\n<\/div>\n<\/div>\n\n\n\n<figure class=\"wp-block-image size-large\"><img loading=\"lazy\" decoding=\"async\" width=\"1024\" height=\"717\" src=\"http:\/\/aitec-tnc.fr\/wp-content\/uploads\/2024\/03\/Boite-gestbus-7-1024x717.png\" alt=\"\" class=\"wp-image-1556\" srcset=\"https:\/\/aitec-tnc.fr\/wp-content\/uploads\/2024\/03\/Boite-gestbus-7-1024x717.png 1024w, https:\/\/aitec-tnc.fr\/wp-content\/uploads\/2024\/03\/Boite-gestbus-7-300x210.png 300w, https:\/\/aitec-tnc.fr\/wp-content\/uploads\/2024\/03\/Boite-gestbus-7-768x538.png 768w, https:\/\/aitec-tnc.fr\/wp-content\/uploads\/2024\/03\/Boite-gestbus-7-1536x1075.png 1536w, https:\/\/aitec-tnc.fr\/wp-content\/uploads\/2024\/03\/Boite-gestbus-7-2048x1434.png 2048w\" sizes=\"auto, (max-width: 1024px) 100vw, 1024px\" \/><\/figure>\n","protected":false},"excerpt":{"rendered":"<p>Cr\u00e9\u00e9e en 1998, la soci\u00e9t\u00e9 Aitec West Indies Soft \u00c9ditions \u00e9dite des logiciels de gestion performants et simples d&#8217;emploi, adapt\u00e9s \u00e0 toutes les tailles d&#8217;entreprises. Une offre compl\u00e8te pr\u00e9sent\u00e9e par des professionnels !<\/p>\n","protected":false},"author":1,"featured_media":0,"parent":0,"menu_order":0,"comment_status":"closed","ping_status":"closed","template":"","meta":{"footnotes":""},"class_list":["post-961","page","type-page","status-publish","hentry"],"_links":{"self":[{"href":"https:\/\/aitec-tnc.fr\/index.php\/wp-json\/wp\/v2\/pages\/961","targetHints":{"allow":["GET"]}}],"collection":[{"href":"https:\/\/aitec-tnc.fr\/index.php\/wp-json\/wp\/v2\/pages"}],"about":[{"href":"https:\/\/aitec-tnc.fr\/index.php\/wp-json\/wp\/v2\/types\/page"}],"author":[{"embeddable":true,"href":"https:\/\/aitec-tnc.fr\/index.php\/wp-json\/wp\/v2\/users\/1"}],"replies":[{"embeddable":true,"href":"https:\/\/aitec-tnc.fr\/index.php\/wp-json\/wp\/v2\/comments?post=961"}],"version-history":[{"count":9,"href":"https:\/\/aitec-tnc.fr\/index.php\/wp-json\/wp\/v2\/pages\/961\/revisions"}],"predecessor-version":[{"id":1564,"href":"https:\/\/aitec-tnc.fr\/index.php\/wp-json\/wp\/v2\/pages\/961\/revisions\/1564"}],"wp:attachment":[{"href":"https:\/\/aitec-tnc.fr\/index.php\/wp-json\/wp\/v2\/media?parent=961"}],"curies":[{"name":"wp","href":"https:\/\/api.w.org\/{rel}","templated":true}]}}